{"id":2,"date":"2023-04-29T07:43:51","date_gmt":"2023-04-29T07:43:51","guid":{"rendered":"https:\/\/casafotografo.es\/?page_id=2"},"modified":"2023-06-22T18:57:45","modified_gmt":"2023-06-22T18:57:45","slug":"contact","status":"publish","type":"page","link":"https:\/\/casafotografo.es\/et\/contact\/","title":{"rendered":"Kontakt"},"content":{"rendered":"\n<p>Palun saada p\u00e4ringud e-postile: <a href=\"mailto:info@casafotografo.es\">info@casafotografo.es.<\/a><\/p>\n\n\n\n<p>Kutsu kinnisvarafotograaf oma korterit, maja ja maat\u00fckki pildistama. <br>Kiirendame Sinu kinnisvara m\u00fc\u00fcki <a href=\"\/et\/portfolio\">kvaliteetsete fotodega.<\/a><\/p>\n\n\n\n<figure class=\"wp-block-image size-medium\"><img loading=\"lazy\" decoding=\"async\" width=\"300\" height=\"300\" src=\"https:\/\/casafotografo.es\/wp-content\/uploads\/2023\/06\/DSC04828-3-300x300.jpg\" alt=\"\" class=\"wp-image-247\" srcset=\"https:\/\/casafotografo.es\/wp-content\/uploads\/2023\/06\/DSC04828-3-300x300.jpg 300w, https:\/\/casafotografo.es\/wp-content\/uploads\/2023\/06\/DSC04828-3-150x150.jpg 150w, https:\/\/casafotografo.es\/wp-content\/uploads\/2023\/06\/DSC04828-3-768x768.jpg 768w, https:\/\/casafotografo.es\/wp-content\/uploads\/2023\/06\/DSC04828-3-800x800.jpg 800w, https:\/\/casafotografo.es\/wp-content\/uploads\/2023\/06\/DSC04828-3.jpg 809w\" sizes=\"auto, (max-width: 300px) 100vw, 300px\" \/><\/figure>\n","protected":false},"excerpt":{"rendered":"<p>Palun saada p\u00e4ringud e-postile: info@casafotografo.es. Kutsu kinnisvarafotograaf oma korterit, maja ja maat\u00fckki pildistama. Kiirendame Sinu kinnisvara m\u00fc\u00fcki kvaliteetsete fotodega.<\/p>\n","protected":false},"author":1,"featured_media":0,"parent":0,"menu_order":0,"comment_status":"closed","ping_status":"open","template":"","meta":{"pgc_sgb_lightbox_settings":"","footnotes":""},"class_list":["post-2","page","type-page","status-publish","hentry","no-post-thumbnail"],"translation":{"provider":"WPGlobus","version":"3.0.2","language":"et","enabled_languages":["en","es","ru","et"],"languages":{"en":{"title":true,"content":true,"excerpt":false},"es":{"title":true,"content":true,"excerpt":false},"ru":{"title":true,"content":true,"excerpt":false},"et":{"title":true,"content":true,"excerpt":false}}},"_links":{"self":[{"href":"https:\/\/casafotografo.es\/et\/wp-json\/wp\/v2\/pages\/2","targetHints":{"allow":["GET"]}}],"collection":[{"href":"https:\/\/casafotografo.es\/et\/wp-json\/wp\/v2\/pages"}],"about":[{"href":"https:\/\/casafotografo.es\/et\/wp-json\/wp\/v2\/types\/page"}],"author":[{"embeddable":true,"href":"https:\/\/casafotografo.es\/et\/wp-json\/wp\/v2\/users\/1"}],"replies":[{"embeddable":true,"href":"https:\/\/casafotografo.es\/et\/wp-json\/wp\/v2\/comments?post=2"}],"version-history":[{"count":60,"href":"https:\/\/casafotografo.es\/et\/wp-json\/wp\/v2\/pages\/2\/revisions"}],"predecessor-version":[{"id":323,"href":"https:\/\/casafotografo.es\/et\/wp-json\/wp\/v2\/pages\/2\/revisions\/323"}],"wp:attachment":[{"href":"https:\/\/casafotografo.es\/et\/wp-json\/wp\/v2\/media?parent=2"}],"curies":[{"name":"wp","href":"https:\/\/api.w.org\/{rel}","templated":true}]}}